{"id":12523,"date":"2024-03-02T07:20:59","date_gmt":"2024-03-02T06:20:59","guid":{"rendered":"https:\/\/www.eliani.al\/product\/cabbage\/"},"modified":"2024-03-03T14:35:52","modified_gmt":"2024-03-03T13:35:52","slug":"cabbage","status":"publish","type":"product","link":"https:\/\/www.eliani.al\/sq\/product\/cabbage\/","title":{"rendered":"Lakra"},"content":{"rendered":"","protected":false},"excerpt":{"rendered":"<p>Keni nevoj\u00eb t\u00eb furnizoni dyqanet apo tregun n\u00eb vendin tuaj? Pyetni p\u00ebr disponueshm\u00ebrin\u00eb e produktit dhe informacione t\u00eb tjera!<br \/>\n[wpforms id=\"12716\"]<\/p>\n","protected":false},"featured_media":12493,"template":"","meta":{"inline_featured_image":false},"product_brand":[],"product_cat":[121],"product_tag":[116,117,118,130,119,120],"class_list":{"0":"post-12523","1":"product","2":"type-product","3":"status-publish","4":"has-post-thumbnail","6":"product_cat-vegetable-sq","7":"product_tag-august-sq","8":"product_tag-july-sq","9":"product_tag-may-sq","10":"product_tag-april-sq","11":"product_tag-june-sq","12":"product_tag-september-sq","15":"instock","16":"shipping-taxable","17":"product-type-simple"},"_links":{"self":[{"href":"https:\/\/www.eliani.al\/sq\/wp-json\/wp\/v2\/product\/12523","targetHints":{"allow":["GET"]}}],"collection":[{"href":"https:\/\/www.eliani.al\/sq\/wp-json\/wp\/v2\/product"}],"about":[{"href":"https:\/\/www.eliani.al\/sq\/wp-json\/wp\/v2\/types\/product"}],"version-history":[{"count":0,"href":"https:\/\/www.eliani.al\/sq\/wp-json\/wp\/v2\/product\/12523\/revisions"}],"wp:featuredmedia":[{"embeddable":true,"href":"https:\/\/www.eliani.al\/sq\/wp-json\/wp\/v2\/media\/12493"}],"wp:attachment":[{"href":"https:\/\/www.eliani.al\/sq\/wp-json\/wp\/v2\/media?parent=12523"}],"wp:term":[{"taxonomy":"product_brand","embeddable":true,"href":"https:\/\/www.eliani.al\/sq\/wp-json\/wp\/v2\/product_brand?post=12523"},{"taxonomy":"product_cat","embeddable":true,"href":"https:\/\/www.eliani.al\/sq\/wp-json\/wp\/v2\/product_cat?post=12523"},{"taxonomy":"product_tag","embeddable":true,"href":"https:\/\/www.eliani.al\/sq\/wp-json\/wp\/v2\/product_tag?post=12523"}],"curies":[{"name":"wp","href":"https:\/\/api.w.org\/{rel}","templated":true}]}}