{"id":12135,"date":"2019-10-26T11:25:49","date_gmt":"2019-10-26T09:25:49","guid":{"rendered":"https:\/\/www.eliani.al\/product\/fresh-onion-2\/"},"modified":"2024-03-03T15:12:35","modified_gmt":"2024-03-03T14:12:35","slug":"fresh-onion-2","status":"publish","type":"product","link":"https:\/\/www.eliani.al\/sq\/product\/fresh-onion-2\/","title":{"rendered":"Qep\u00eb e njom\u00eb"},"content":{"rendered":"","protected":false},"excerpt":{"rendered":"<p>Keni nevoj\u00eb t\u00eb furnizoni dyqanet apo tregun n\u00eb vendin tuaj? Pyetni p\u00ebr disponueshm\u00ebrin\u00eb e produktit dhe informacione t\u00eb tjera!<br \/>\n[wpforms id=\"12716\"]<\/p>\n","protected":false},"featured_media":12566,"template":"","meta":{"rs_blank_template":"","rs_page_bg_color":"","slide_template_v7":"","inline_featured_image":false},"product_brand":[],"product_cat":[121],"product_tag":[128,137,118,138,130,139],"class_list":{"0":"post-12135","1":"product","2":"type-product","3":"status-publish","4":"has-post-thumbnail","6":"product_cat-vegetable-sq","7":"product_tag-december-al","8":"product_tag-january-sq","9":"product_tag-may-sq","10":"product_tag-march-sq","11":"product_tag-april-sq","12":"product_tag-february-sq","15":"instock","16":"shipping-taxable","17":"product-type-simple"},"_links":{"self":[{"href":"https:\/\/www.eliani.al\/sq\/wp-json\/wp\/v2\/product\/12135","targetHints":{"allow":["GET"]}}],"collection":[{"href":"https:\/\/www.eliani.al\/sq\/wp-json\/wp\/v2\/product"}],"about":[{"href":"https:\/\/www.eliani.al\/sq\/wp-json\/wp\/v2\/types\/product"}],"version-history":[{"count":0,"href":"https:\/\/www.eliani.al\/sq\/wp-json\/wp\/v2\/product\/12135\/revisions"}],"wp:featuredmedia":[{"embeddable":true,"href":"https:\/\/www.eliani.al\/sq\/wp-json\/wp\/v2\/media\/12566"}],"wp:attachment":[{"href":"https:\/\/www.eliani.al\/sq\/wp-json\/wp\/v2\/media?parent=12135"}],"wp:term":[{"taxonomy":"product_brand","embeddable":true,"href":"https:\/\/www.eliani.al\/sq\/wp-json\/wp\/v2\/product_brand?post=12135"},{"taxonomy":"product_cat","embeddable":true,"href":"https:\/\/www.eliani.al\/sq\/wp-json\/wp\/v2\/product_cat?post=12135"},{"taxonomy":"product_tag","embeddable":true,"href":"https:\/\/www.eliani.al\/sq\/wp-json\/wp\/v2\/product_tag?post=12135"}],"curies":[{"name":"wp","href":"https:\/\/api.w.org\/{rel}","templated":true}]}}