{"id":12026,"date":"2019-10-23T06:49:31","date_gmt":"2019-10-23T04:49:31","guid":{"rendered":"http:\/\/www.elian-export.com\/product\/cabbage-red\/"},"modified":"2024-03-03T15:12:58","modified_gmt":"2024-03-03T14:12:58","slug":"cabbage-red-2","status":"publish","type":"product","link":"https:\/\/www.eliani.al\/sq\/product\/cabbage-red-2\/","title":{"rendered":"Lakra (e kuqe)"},"content":{"rendered":"","protected":false},"excerpt":{"rendered":"<p>Keni nevoj\u00eb t\u00eb furnizoni dyqanet apo tregun n\u00eb vendin tuaj? Pyetni p\u00ebr disponueshm\u00ebrin\u00eb e produktit dhe informacione t\u00eb tjera!<br \/>\n[wpforms id=\"12716\"]<\/p>\n","protected":false},"featured_media":12451,"template":"","meta":{"inline_featured_image":false},"product_brand":[],"product_cat":[121],"product_tag":[116,117,118,130,119,120],"class_list":{"0":"post-12026","1":"product","2":"type-product","3":"status-publish","4":"has-post-thumbnail","6":"product_cat-vegetable-sq","7":"product_tag-august-sq","8":"product_tag-july-sq","9":"product_tag-may-sq","10":"product_tag-april-sq","11":"product_tag-june-sq","12":"product_tag-september-sq","15":"instock","16":"shipping-taxable","17":"product-type-simple"},"_links":{"self":[{"href":"https:\/\/www.eliani.al\/sq\/wp-json\/wp\/v2\/product\/12026","targetHints":{"allow":["GET"]}}],"collection":[{"href":"https:\/\/www.eliani.al\/sq\/wp-json\/wp\/v2\/product"}],"about":[{"href":"https:\/\/www.eliani.al\/sq\/wp-json\/wp\/v2\/types\/product"}],"version-history":[{"count":0,"href":"https:\/\/www.eliani.al\/sq\/wp-json\/wp\/v2\/product\/12026\/revisions"}],"wp:featuredmedia":[{"embeddable":true,"href":"https:\/\/www.eliani.al\/sq\/wp-json\/wp\/v2\/media\/12451"}],"wp:attachment":[{"href":"https:\/\/www.eliani.al\/sq\/wp-json\/wp\/v2\/media?parent=12026"}],"wp:term":[{"taxonomy":"product_brand","embeddable":true,"href":"https:\/\/www.eliani.al\/sq\/wp-json\/wp\/v2\/product_brand?post=12026"},{"taxonomy":"product_cat","embeddable":true,"href":"https:\/\/www.eliani.al\/sq\/wp-json\/wp\/v2\/product_cat?post=12026"},{"taxonomy":"product_tag","embeddable":true,"href":"https:\/\/www.eliani.al\/sq\/wp-json\/wp\/v2\/product_tag?post=12026"}],"curies":[{"name":"wp","href":"https:\/\/api.w.org\/{rel}","templated":true}]}}