{"id":12016,"date":"2019-10-26T18:38:34","date_gmt":"2019-10-26T16:38:34","guid":{"rendered":"http:\/\/www.elian-export.com\/product\/apricots\/"},"modified":"2024-03-03T15:10:44","modified_gmt":"2024-03-03T14:10:44","slug":"apricots-2","status":"publish","type":"product","link":"https:\/\/www.eliani.al\/sq\/product\/apricots-2\/","title":{"rendered":"Kajsi"},"content":{"rendered":"","protected":false},"excerpt":{"rendered":"<p>Keni nevoj\u00eb t\u00eb furnizoni dyqanet apo tregun n\u00eb vendin tuaj? Pyetni p\u00ebr disponueshm\u00ebrin\u00eb e produktit dhe informacione t\u00eb tjera!<br \/>\n[wpforms id=\"12716\"]<\/p>\n","protected":false},"featured_media":12578,"template":"","meta":{"inline_featured_image":false},"product_brand":[],"product_cat":[115],"product_tag":[116,117,118,119,120],"class_list":{"0":"post-12016","1":"product","2":"type-product","3":"status-publish","4":"has-post-thumbnail","6":"product_cat-fresh-fruits-sq","7":"product_tag-august-sq","8":"product_tag-july-sq","9":"product_tag-may-sq","10":"product_tag-june-sq","11":"product_tag-september-sq","14":"instock","15":"shipping-taxable","16":"product-type-simple"},"_links":{"self":[{"href":"https:\/\/www.eliani.al\/sq\/wp-json\/wp\/v2\/product\/12016","targetHints":{"allow":["GET"]}}],"collection":[{"href":"https:\/\/www.eliani.al\/sq\/wp-json\/wp\/v2\/product"}],"about":[{"href":"https:\/\/www.eliani.al\/sq\/wp-json\/wp\/v2\/types\/product"}],"version-history":[{"count":0,"href":"https:\/\/www.eliani.al\/sq\/wp-json\/wp\/v2\/product\/12016\/revisions"}],"wp:featuredmedia":[{"embeddable":true,"href":"https:\/\/www.eliani.al\/sq\/wp-json\/wp\/v2\/media\/12578"}],"wp:attachment":[{"href":"https:\/\/www.eliani.al\/sq\/wp-json\/wp\/v2\/media?parent=12016"}],"wp:term":[{"taxonomy":"product_brand","embeddable":true,"href":"https:\/\/www.eliani.al\/sq\/wp-json\/wp\/v2\/product_brand?post=12016"},{"taxonomy":"product_cat","embeddable":true,"href":"https:\/\/www.eliani.al\/sq\/wp-json\/wp\/v2\/product_cat?post=12016"},{"taxonomy":"product_tag","embeddable":true,"href":"https:\/\/www.eliani.al\/sq\/wp-json\/wp\/v2\/product_tag?post=12016"}],"curies":[{"name":"wp","href":"https:\/\/api.w.org\/{rel}","templated":true}]}}