{"id":11962,"date":"2019-11-10T16:54:36","date_gmt":"2019-11-10T15:54:36","guid":{"rendered":"http:\/\/www.elian-export.com\/product\/cucumber\/"},"modified":"2024-03-03T14:42:17","modified_gmt":"2024-03-03T13:42:17","slug":"cucumber-2","status":"publish","type":"product","link":"https:\/\/www.eliani.al\/sq\/product\/cucumber-2\/","title":{"rendered":"Kastravec"},"content":{"rendered":"","protected":false},"excerpt":{"rendered":"<p>Keni nevoj\u00eb t\u00eb furnizoni dyqanet apo tregun n\u00eb vendin tuaj? Pyetni p\u00ebr disponueshm\u00ebrin\u00eb e produktit dhe informacione t\u00eb tjera!<br \/>\n[wpforms id=\"12716\"]<\/p>\n","protected":false},"featured_media":12381,"template":"","meta":{"inline_featured_image":false},"product_brand":[],"product_cat":[121],"product_tag":[128,116,117,118,138,129,130,119,120,131],"class_list":{"0":"post-11962","1":"product","2":"type-product","3":"status-publish","4":"has-post-thumbnail","6":"product_cat-vegetable-sq","7":"product_tag-december-al","8":"product_tag-august-sq","9":"product_tag-july-sq","10":"product_tag-may-sq","11":"product_tag-march-sq","12":"product_tag-november-sq","13":"product_tag-april-sq","14":"product_tag-june-sq","15":"product_tag-september-sq","16":"product_tag-october-sq","19":"instock","20":"shipping-taxable","21":"product-type-simple"},"_links":{"self":[{"href":"https:\/\/www.eliani.al\/sq\/wp-json\/wp\/v2\/product\/11962","targetHints":{"allow":["GET"]}}],"collection":[{"href":"https:\/\/www.eliani.al\/sq\/wp-json\/wp\/v2\/product"}],"about":[{"href":"https:\/\/www.eliani.al\/sq\/wp-json\/wp\/v2\/types\/product"}],"version-history":[{"count":0,"href":"https:\/\/www.eliani.al\/sq\/wp-json\/wp\/v2\/product\/11962\/revisions"}],"wp:featuredmedia":[{"embeddable":true,"href":"https:\/\/www.eliani.al\/sq\/wp-json\/wp\/v2\/media\/12381"}],"wp:attachment":[{"href":"https:\/\/www.eliani.al\/sq\/wp-json\/wp\/v2\/media?parent=11962"}],"wp:term":[{"taxonomy":"product_brand","embeddable":true,"href":"https:\/\/www.eliani.al\/sq\/wp-json\/wp\/v2\/product_brand?post=11962"},{"taxonomy":"product_cat","embeddable":true,"href":"https:\/\/www.eliani.al\/sq\/wp-json\/wp\/v2\/product_cat?post=11962"},{"taxonomy":"product_tag","embeddable":true,"href":"https:\/\/www.eliani.al\/sq\/wp-json\/wp\/v2\/product_tag?post=11962"}],"curies":[{"name":"wp","href":"https:\/\/api.w.org\/{rel}","templated":true}]}}